{"id":61,"date":"2018-03-23T02:42:34","date_gmt":"2018-03-23T02:42:34","guid":{"rendered":"http:\/\/ticasgest.pt\/portral-web\/?page_id=61"},"modified":"2018-09-12T17:16:22","modified_gmt":"2018-09-12T17:16:22","slug":"qualidade","status":"publish","type":"page","link":"https:\/\/portral.pt\/pt\/qualidade\/","title":{"rendered":"Qualidade"},"content":{"rendered":"<div id=\"pl-61\"  class=\"panel-layout\" ><div id=\"pg-61-0\"  class=\"panel-grid panel-no-style\" ><div id=\"pgc-61-0-0\"  class=\"panel-grid-cell\" ><div id=\"panel-61-0-0-0\" class=\"so-panel widget widget_sow-headline panel-first-child panel-last-child\" data-index=\"0\" ><div class=\"animate-69e4f19f6a456335578903 panels-animation-hide panel-widget-style panel-widget-style-for-61-0-0-0\" data-so-animation=\"{&quot;selector&quot;:&quot;.animate-69e4f19f6a456335578903&quot;,&quot;animation&quot;:&quot;zoomIn&quot;,&quot;duration&quot;:1,&quot;repeat&quot;:0,&quot;hide&quot;:1,&quot;finalState&quot;:&quot;visible&quot;,&quot;delay&quot;:0,&quot;debounce&quot;:0,&quot;event&quot;:&quot;enter&quot;,&quot;offset&quot;:0}\" ><div class=\"so-widget-sow-headline so-widget-sow-headline-default-155256f6d656\"><div class=\"sow-headline-container \">\n\t<h2 class='sow-headline'>A Qualidade dos nossos produtos \u00e9 o nosso cart\u00e3o de visita<\/h2>\t\t\t\t\t<div class=\"decoration\">\n\t\t\t\t\t\t<div class=\"decoration-inside\"><\/div>\n\t\t\t\t\t<\/div>\n\t\t\t\t\t<h4 class='sow-sub-headline'>Seleccionamos criteriosamente os produtores, apostamos na forma\u00e7\u00e3o e na inova\u00e7\u00e3o, controlamos cada etapa da cadeia de produ\u00e7\u00e3o para poder entregar aos nossos clientes os melhores produtos.<\/h4><\/div><\/div><\/div><\/div><\/div><\/div><div id=\"pg-61-1\"  class=\"panel-grid panel-no-style\" ><div id=\"pgc-61-1-0\"  class=\"panel-grid-cell\" ><div id=\"panel-61-1-0-0\" class=\"so-panel widget widget_sow-editor panel-first-child panel-last-child\" data-index=\"1\" ><div class=\"animate-69e4f19f6a71e878298158 panels-animation-hide panel-widget-style panel-widget-style-for-61-1-0-0\" data-so-animation=\"{&quot;selector&quot;:&quot;.animate-69e4f19f6a71e878298158&quot;,&quot;animation&quot;:&quot;fadeInRight&quot;,&quot;duration&quot;:1,&quot;repeat&quot;:0,&quot;hide&quot;:1,&quot;finalState&quot;:&quot;visible&quot;,&quot;delay&quot;:0,&quot;debounce&quot;:0,&quot;event&quot;:&quot;enter&quot;,&quot;offset&quot;:0}\" ><div class=\"so-widget-sow-editor so-widget-sow-editor-base\">\n<div class=\"siteorigin-widget-tinymce textwidget\">\n\t<p style=\"text-align: justify;\">Porque primamos pela qualidade dos nossos produtos, dispomos de uma equipa de cinco engenheiros&nbsp;&nbsp; alimentares&nbsp;&nbsp; altamente experientes&nbsp;&nbsp; e&nbsp;&nbsp; profissionais,&nbsp;&nbsp; bem&nbsp;&nbsp; como&nbsp;&nbsp; a colabora\u00e7\u00e3o de um veterin\u00e1rio estatal, que asseguram a conformidade dos produtos e procedimentos praticados com os requisitos exigidos pela legisla\u00e7\u00e3o em vigor.<\/p>\n<\/div>\n<\/div><\/div><\/div><\/div><div id=\"pgc-61-1-1\"  class=\"panel-grid-cell\" ><div id=\"panel-61-1-1-0\" class=\"so-panel widget widget_sow-image panel-first-child panel-last-child\" data-index=\"2\" ><div class=\"animate-69e4f19f6a982511981762 panels-animation-hide panel-widget-style panel-widget-style-for-61-1-1-0\" data-so-animation=\"{&quot;selector&quot;:&quot;.animate-69e4f19f6a982511981762&quot;,&quot;animation&quot;:&quot;fadeInRight&quot;,&quot;duration&quot;:1,&quot;repeat&quot;:0,&quot;hide&quot;:1,&quot;finalState&quot;:&quot;visible&quot;,&quot;delay&quot;:0.5,&quot;debounce&quot;:0,&quot;event&quot;:&quot;enter&quot;,&quot;offset&quot;:0}\" ><div class=\"so-widget-sow-image so-widget-sow-image-default-d6014b76747a\" data-tooltip-enabled=\"1\" data-tooltip-theme=\"light\">\n\n<div class=\"sow-image-container\">\n\t<img loading=\"lazy\" decoding=\"async\" src=\"https:\/\/i0.wp.com\/portral.pt\/pt\/wp-content\/uploads\/2018\/06\/Imagem18-1.jpg?fit=281%2C188&amp;ssl=1\" width=\"281\" height=\"188\" srcset=\"https:\/\/i0.wp.com\/portral.pt\/pt\/wp-content\/uploads\/2018\/06\/Imagem18-1.jpg?w=281&amp;ssl=1 281w, https:\/\/i0.wp.com\/portral.pt\/pt\/wp-content\/uploads\/2018\/06\/Imagem18-1.jpg?resize=272%2C182&amp;ssl=1 272w\" alt=\"\" \t\tclass=\"so-widget-image\"\/>\n<\/div>\n\n<\/div><\/div><\/div><\/div><\/div><div id=\"pg-61-2\"  class=\"panel-grid panel-no-style\" ><div id=\"pgc-61-2-0\"  class=\"panel-grid-cell\" ><div id=\"panel-61-2-0-0\" class=\"so-panel widget widget_ink-divider panel-first-child panel-last-child\" data-index=\"3\" ><div class=\"animate-69e4f19f6b224721673919 panels-animation-hide panel-widget-style panel-widget-style-for-61-2-0-0\" data-so-animation=\"{&quot;selector&quot;:&quot;.animate-69e4f19f6b224721673919&quot;,&quot;animation&quot;:&quot;slideInUp&quot;,&quot;duration&quot;:1,&quot;repeat&quot;:0,&quot;hide&quot;:1,&quot;finalState&quot;:&quot;visible&quot;,&quot;delay&quot;:1.5,&quot;debounce&quot;:0,&quot;event&quot;:&quot;enter&quot;,&quot;offset&quot;:0}\" ><div class=\"so-widget-ink-divider so-widget-ink-divider-divider-5a82d2b4cbf8\"><div class=\"iw-so-divider-top\"><\/div>\n<div class=\"iw-so-divider \"><\/div>\n<div class=\"iw-so-divider-bottom\"><\/div>\n<\/div><\/div><\/div><\/div><\/div><div id=\"pg-61-3\"  class=\"panel-grid panel-no-style\" ><div id=\"pgc-61-3-0\"  class=\"panel-grid-cell\" ><div id=\"panel-61-3-0-0\" class=\"so-panel widget widget_sow-editor panel-first-child panel-last-child\" data-index=\"4\" ><div class=\"animate-69e4f19f6b312072307148 panels-animation-hide panel-widget-style panel-widget-style-for-61-3-0-0\" data-so-animation=\"{&quot;selector&quot;:&quot;.animate-69e4f19f6b312072307148&quot;,&quot;animation&quot;:&quot;fadeInLeft&quot;,&quot;duration&quot;:1,&quot;repeat&quot;:0,&quot;hide&quot;:1,&quot;finalState&quot;:&quot;visible&quot;,&quot;delay&quot;:0,&quot;debounce&quot;:0,&quot;event&quot;:&quot;enter&quot;,&quot;offset&quot;:0}\" ><div class=\"so-widget-sow-editor so-widget-sow-editor-base\">\n<div class=\"siteorigin-widget-tinymce textwidget\">\n\t<p>\t<strong>De entre as fun\u00e7\u00f5es do departamento de qualidade da empresa fazem ainda parte:<\/strong><br \/>\n&nbsp;<\/p>\n<ul>\n<li><strong>O&nbsp; controlo&nbsp; dos processos,&nbsp; desde&nbsp; a&nbsp; rece\u00e7\u00e3o&nbsp; at\u00e9 \u00e0&nbsp; expedi\u00e7\u00e3o&nbsp; dos produtos,&nbsp; de modo a garantir as especifica\u00e7\u00f5es t\u00e9cnicas do produto final<\/strong><\/li>\n<li><strong>A gest\u00e3o do plano de HACCP, nomeadamente identifica\u00e7\u00e3o dos pontos cr\u00edticos do processo e&nbsp; cria\u00e7\u00e3o de&nbsp; medidas&nbsp; preventivas e corretivas para os potenciais riscos de higiene e seguran\u00e7a inerentes aos v\u00e1rios processos<\/strong><\/li>\n<li><strong>A&nbsp; sele\u00e7\u00e3o&nbsp; e&nbsp; avalia\u00e7\u00e3o&nbsp; de&nbsp; fornecedores,&nbsp; no&nbsp; sentido&nbsp; de&nbsp; assegurar&nbsp; a&nbsp; melhor qualidade das mat\u00e9rias-primas utilizadas<\/strong><\/li>\n<li><strong>O apoio pr\u00e9 e p\u00f3s-venda dos clientes em todas as quest\u00f5es relacionadas com a qualidade dos produtos<\/strong><\/li>\n<li><strong>A forma\u00e7\u00e3o e sensibiliza\u00e7\u00e3o dos colaboradores em mat\u00e9rias de Boas-Pr\u00e1ticas de higiene e fabrico<\/strong><\/li>\n<\/ul>\n<\/div>\n<\/div><\/div><\/div><\/div><div id=\"pgc-61-3-1\"  class=\"panel-grid-cell\" ><div id=\"panel-61-3-1-0\" class=\"so-panel widget widget_sow-image panel-first-child panel-last-child\" data-index=\"5\" ><div class=\"so-widget-sow-image so-widget-sow-image-default-d6014b76747a\" data-tooltip-enabled=\"1\" data-tooltip-theme=\"light\">\n\n<div class=\"sow-image-container\">\n\t<img loading=\"lazy\" decoding=\"async\" src=\"https:\/\/i0.wp.com\/portral.pt\/pt\/wp-content\/uploads\/2018\/06\/Imagem19-1.jpg?fit=236%2C382&amp;ssl=1\" width=\"236\" height=\"382\" srcset=\"https:\/\/i0.wp.com\/portral.pt\/pt\/wp-content\/uploads\/2018\/06\/Imagem19-1.jpg?w=236&amp;ssl=1 236w, https:\/\/i0.wp.com\/portral.pt\/pt\/wp-content\/uploads\/2018\/06\/Imagem19-1.jpg?resize=185%2C300&amp;ssl=1 185w\" alt=\"\" \t\tclass=\"so-widget-image\"\/>\n<\/div>\n\n<\/div><\/div><\/div><\/div><div id=\"pg-61-4\"  class=\"panel-grid panel-no-style\" ><div id=\"pgc-61-4-0\"  class=\"panel-grid-cell\" ><div id=\"panel-61-4-0-0\" class=\"so-panel widget widget_media_image panel-first-child panel-last-child\" data-index=\"6\" ><div class=\"animate-69e4f19f6b8d7861506205 panels-animation-hide panel-widget-style panel-widget-style-for-61-4-0-0\" data-so-animation=\"{&quot;selector&quot;:&quot;.animate-69e4f19f6b8d7861506205&quot;,&quot;animation&quot;:&quot;bounceInUp&quot;,&quot;duration&quot;:1,&quot;repeat&quot;:0,&quot;hide&quot;:1,&quot;finalState&quot;:&quot;visible&quot;,&quot;delay&quot;:1,&quot;debounce&quot;:0,&quot;event&quot;:&quot;enter&quot;,&quot;offset&quot;:0}\" ><img loading=\"lazy\" decoding=\"async\" width=\"282\" height=\"282\" src=\"https:\/\/i0.wp.com\/portral.pt\/pt\/wp-content\/uploads\/2018\/06\/Imagem17-1.jpg?fit=282%2C282&amp;ssl=1\" class=\"image wp-image-683  attachment-full size-full\" alt=\"\" style=\"max-width: 100%; height: auto;\" srcset=\"https:\/\/i0.wp.com\/portral.pt\/pt\/wp-content\/uploads\/2018\/06\/Imagem17-1.jpg?w=282&amp;ssl=1 282w, https:\/\/i0.wp.com\/portral.pt\/pt\/wp-content\/uploads\/2018\/06\/Imagem17-1.jpg?resize=150%2C150&amp;ssl=1 150w, https:\/\/i0.wp.com\/portral.pt\/pt\/wp-content\/uploads\/2018\/06\/Imagem17-1.jpg?resize=250%2C250&amp;ssl=1 250w, https:\/\/i0.wp.com\/portral.pt\/pt\/wp-content\/uploads\/2018\/06\/Imagem17-1.jpg?resize=60%2C60&amp;ssl=1 60w\" sizes=\"auto, (max-width: 282px) 100vw, 282px\" \/><\/div><\/div><\/div><div id=\"pgc-61-4-1\"  class=\"panel-grid-cell\" ><div id=\"panel-61-4-1-0\" class=\"so-panel widget widget_sow-editor panel-first-child panel-last-child\" data-index=\"7\" ><div class=\"animate-69e4f19f6bc7b900383483 panels-animation-hide panel-widget-style panel-widget-style-for-61-4-1-0\" data-so-animation=\"{&quot;selector&quot;:&quot;.animate-69e4f19f6bc7b900383483&quot;,&quot;animation&quot;:&quot;slideInRight&quot;,&quot;duration&quot;:1,&quot;repeat&quot;:0,&quot;hide&quot;:1,&quot;finalState&quot;:&quot;visible&quot;,&quot;delay&quot;:0,&quot;debounce&quot;:0,&quot;event&quot;:&quot;enter&quot;,&quot;offset&quot;:0}\" ><div class=\"so-widget-sow-editor so-widget-sow-editor-base\">\n<div class=\"siteorigin-widget-tinymce textwidget\">\n\t<p>No&nbsp; sentido&nbsp; de&nbsp; garantir&nbsp; a&nbsp; conformidade&nbsp; qu\u00edmica&nbsp; e&nbsp; microbiol\u00f3gica&nbsp; do &nbsp;produto&nbsp; final, colaboramos&nbsp; ainda&nbsp; com&nbsp; um&nbsp; laborat\u00f3rio&nbsp; externo&nbsp; acreditado&nbsp; e&nbsp; cumprimos&nbsp; com&nbsp; um rigoroso plano de an\u00e1lises, de modo a garantir seguran\u00e7a do consumidor final.<\/p>\n<\/div>\n<\/div><\/div><\/div><\/div><\/div><\/div>","protected":false},"excerpt":{"rendered":"<p>Porque primamos pela qualidade dos nossos produtos, dispomos de uma equipa de cinco engenheiros&nbsp;&nbsp; alimentares&nbsp;&nbsp; altamente experientes&nbsp;&nbsp; e&nbsp;&nbsp; profissionais,&nbsp;&nbsp; bem&nbsp;&nbsp; como&nbsp;&nbsp; a colabora\u00e7\u00e3o de um veterin\u00e1rio estatal, que asseguram a conformidade dos produtos e procedimentos praticados com os requisitos exigidos pela legisla\u00e7\u00e3o em vigor.<\/p>\n","protected":false},"author":1,"featured_media":0,"parent":0,"menu_order":0,"comment_status":"closed","ping_status":"closed","template":"","meta":{"footnotes":""},"class_list":{"0":"post-61","1":"page","2":"type-page","3":"status-publish","5":"clearfix","6":"article"},"jetpack_sharing_enabled":true,"yoast_head":"<!-- This site is optimized with the Yoast SEO plugin v14.1 - https:\/\/yoast.com\/wordpress\/plugins\/seo\/ -->\n<title>Qualidade - PORTRAL<\/title>\n<meta name=\"robots\" content=\"index, follow\" \/>\n<meta name=\"googlebot\" content=\"index, follow, max-snippet:-1, max-image-preview:large, max-video-preview:-1\" \/>\n<meta name=\"bingbot\" content=\"index, follow, max-snippet:-1, max-image-preview:large, max-video-preview:-1\" \/>\n<link rel=\"canonical\" href=\"https:\/\/portral.pt\/pt\/qualidade\/\" \/>\n<meta property=\"og:locale\" content=\"pt_PT\" \/>\n<meta property=\"og:type\" content=\"article\" \/>\n<meta property=\"og:title\" content=\"Qualidade - PORTRAL\" \/>\n<meta property=\"og:description\" content=\"Porque primamos pela qualidade dos nossos produtos, dispomos de uma equipa de cinco engenheiros&nbsp;&nbsp; alimentares&nbsp;&nbsp; altamente experientes&nbsp;&nbsp; e&nbsp;&nbsp; profissionais,&nbsp;&nbsp; bem&nbsp;&nbsp; como&nbsp;&nbsp; a colabora\u00e7\u00e3o de um veterin\u00e1rio estatal, que asseguram a conformidade dos produtos e procedimentos praticados com os requisitos exigidos pela legisla\u00e7\u00e3o em vigor.\" \/>\n<meta property=\"og:url\" content=\"https:\/\/portral.pt\/pt\/qualidade\/\" \/>\n<meta property=\"og:site_name\" content=\"PORTRAL\" \/>\n<meta property=\"article:modified_time\" content=\"2018-09-12T17:16:22+00:00\" \/>\n<meta name=\"twitter:card\" content=\"summary_large_image\" \/>\n<script type=\"application\/ld+json\" class=\"yoast-schema-graph\">{\"@context\":\"https:\/\/schema.org\",\"@graph\":[{\"@type\":\"WebSite\",\"@id\":\"https:\/\/portral.pt\/pt\/#website\",\"url\":\"https:\/\/portral.pt\/pt\/\",\"name\":\"PORTRAL\",\"description\":\"Com\\u00e9rcio e Ind\\u00fastria de Carnes\",\"potentialAction\":[{\"@type\":\"SearchAction\",\"target\":\"https:\/\/portral.pt\/pt\/?s={search_term_string}\",\"query-input\":\"required name=search_term_string\"}],\"inLanguage\":\"pt-PT\"},{\"@type\":\"WebPage\",\"@id\":\"https:\/\/portral.pt\/pt\/qualidade\/#webpage\",\"url\":\"https:\/\/portral.pt\/pt\/qualidade\/\",\"name\":\"Qualidade - PORTRAL\",\"isPartOf\":{\"@id\":\"https:\/\/portral.pt\/pt\/#website\"},\"datePublished\":\"2018-03-23T02:42:34+00:00\",\"dateModified\":\"2018-09-12T17:16:22+00:00\",\"inLanguage\":\"pt-PT\",\"potentialAction\":[{\"@type\":\"ReadAction\",\"target\":[\"https:\/\/portral.pt\/pt\/qualidade\/\"]}]}]}<\/script>\n<!-- \/ Yoast SEO plugin. -->","_links":{"self":[{"href":"https:\/\/portral.pt\/pt\/wp-json\/wp\/v2\/pages\/61","targetHints":{"allow":["GET"]}}],"collection":[{"href":"https:\/\/portral.pt\/pt\/wp-json\/wp\/v2\/pages"}],"about":[{"href":"https:\/\/portral.pt\/pt\/wp-json\/wp\/v2\/types\/page"}],"author":[{"embeddable":true,"href":"https:\/\/portral.pt\/pt\/wp-json\/wp\/v2\/users\/1"}],"replies":[{"embeddable":true,"href":"https:\/\/portral.pt\/pt\/wp-json\/wp\/v2\/comments?post=61"}],"version-history":[{"count":35,"href":"https:\/\/portral.pt\/pt\/wp-json\/wp\/v2\/pages\/61\/revisions"}],"predecessor-version":[{"id":793,"href":"https:\/\/portral.pt\/pt\/wp-json\/wp\/v2\/pages\/61\/revisions\/793"}],"wp:attachment":[{"href":"https:\/\/portral.pt\/pt\/wp-json\/wp\/v2\/media?parent=61"}],"curies":[{"name":"wp","href":"https:\/\/api.w.org\/{rel}","templated":true}]}}