{"id":7,"date":"2018-03-22T16:16:04","date_gmt":"2018-03-22T16:16:04","guid":{"rendered":"http:\/\/ticasgest.pt\/portral-web\/?page_id=7"},"modified":"2026-01-26T15:37:19","modified_gmt":"2026-01-26T14:37:19","slug":"inicio","status":"publish","type":"page","link":"https:\/\/portral.pt\/pt\/","title":{"rendered":"In\u00edcio"},"content":{"rendered":"<div id=\"pl-7\"  class=\"panel-layout\" ><div id=\"pg-7-0\"  class=\"panel-grid panel-has-style\" ><div class=\"siteorigin-panels-stretch panel-row-style panel-row-style-for-7-0\" data-stretch-type=\"full-width-stretch\" ><div id=\"pgc-7-0-0\"  class=\"panel-grid-cell\" ><\/div><\/div><\/div><div id=\"pg-7-1\"  class=\"panel-grid panel-has-style\" ><div class=\"siteorigin-panels-stretch panel-row-style panel-row-style-for-7-1\" data-stretch-type=\"full-width-stretch\" ><div id=\"pgc-7-1-0\"  class=\"panel-grid-cell\" ><div id=\"panel-7-1-0-0\" class=\"so-panel widget widget_sow-headline panel-first-child panel-last-child\" data-index=\"1\" ><div class=\"animate-69e4da4343e43655012546 panels-animation-hide panel-widget-style panel-widget-style-for-7-1-0-0\" data-so-animation=\"{&quot;selector&quot;:&quot;.animate-69e4da4343e43655012546&quot;,&quot;animation&quot;:&quot;slideInLeft&quot;,&quot;duration&quot;:1,&quot;repeat&quot;:0,&quot;hide&quot;:1,&quot;finalState&quot;:&quot;visible&quot;,&quot;delay&quot;:0,&quot;debounce&quot;:0.1,&quot;event&quot;:&quot;enter&quot;,&quot;offset&quot;:0}\" ><div class=\"so-widget-sow-headline so-widget-sow-headline-default-ed0b1e6f06cf so-widget-fittext-wrapper\" data-fit-text-compressor=\"0.85\"><div class=\"sow-headline-container \">\n\t<h2 class='sow-headline'>O segredo das melhores receitas est\u00e1 nos melhores ingredientes<\/h2><\/div><\/div><\/div><\/div><\/div><\/div><\/div><div id=\"pg-7-2\"  class=\"panel-grid panel-no-style\" ><div id=\"pgc-7-2-0\"  class=\"panel-grid-cell\" ><div id=\"panel-7-2-0-0\" class=\"so-panel widget widget_sow-editor panel-first-child panel-last-child\" data-index=\"2\" ><div class=\"animate-69e4da43440d0523243513 panels-animation-hide panel-widget-style panel-widget-style-for-7-2-0-0\" data-so-animation=\"{&quot;selector&quot;:&quot;.animate-69e4da43440d0523243513&quot;,&quot;animation&quot;:&quot;zoomInLeft&quot;,&quot;duration&quot;:2,&quot;repeat&quot;:0,&quot;hide&quot;:1,&quot;finalState&quot;:&quot;visible&quot;,&quot;delay&quot;:0,&quot;debounce&quot;:0,&quot;event&quot;:&quot;enter&quot;,&quot;offset&quot;:0}\" ><div class=\"so-widget-sow-editor so-widget-sow-editor-base\">\n<div class=\"siteorigin-widget-tinymce textwidget\">\n\t<h2><span style=\"color: #006600;\">Descubra o mundo <img data-recalc-dims=\"1\" loading=\"lazy\" decoding=\"async\" class=\"wp-image-587 alignnone\" src=\"https:\/\/i0.wp.com\/portral.pt\/pt\/wp-content\/uploads\/2018\/06\/PORTRAL-LOGO-SITE-e1539020702777.png?resize=155%2C32\" alt=\"\" width=\"155\" height=\"32\" \/><\/span><\/h2>\n<h5>\u00c9 com base na premissa de que o nosso sucesso depende do sucesso dos nossos clientes que trabalhamos diariamente para garantir que fornecemos o melhor servi\u00e7o e os melhores produtos, garantindo que tenha os ingredientes necess\u00e1rios para fazer o seu neg\u00f3cio crescer.<\/h5>\n<\/div>\n<\/div><\/div><\/div><\/div><div id=\"pgc-7-2-1\"  class=\"panel-grid-cell\" ><div id=\"panel-7-2-1-0\" class=\"so-panel widget widget_sow-image panel-first-child panel-last-child\" data-index=\"3\" ><div class=\"animate-69e4da4344786217160316 panels-animation-hide panel-widget-style panel-widget-style-for-7-2-1-0\" data-so-animation=\"{&quot;selector&quot;:&quot;.animate-69e4da4344786217160316&quot;,&quot;animation&quot;:&quot;bounceInRight&quot;,&quot;duration&quot;:1,&quot;repeat&quot;:0,&quot;hide&quot;:1,&quot;finalState&quot;:&quot;visible&quot;,&quot;delay&quot;:0.5,&quot;debounce&quot;:0,&quot;event&quot;:&quot;enter&quot;,&quot;offset&quot;:0}\" ><div class=\"so-widget-sow-image so-widget-sow-image-default-4b231843ec72\" data-tooltip-enabled=\"1\" data-tooltip-theme=\"light\">\n\n<div class=\"sow-image-container\">\n\t<img loading=\"lazy\" decoding=\"async\" src=\"https:\/\/i0.wp.com\/portral.pt\/pt\/wp-content\/uploads\/2018\/06\/portral-receita-sucesso.jpg?fit=451%2C300&amp;ssl=1\" width=\"451\" height=\"300\" srcset=\"https:\/\/i0.wp.com\/portral.pt\/pt\/wp-content\/uploads\/2018\/06\/portral-receita-sucesso.jpg?w=451&amp;ssl=1 451w, https:\/\/i0.wp.com\/portral.pt\/pt\/wp-content\/uploads\/2018\/06\/portral-receita-sucesso.jpg?resize=300%2C200&amp;ssl=1 300w, https:\/\/i0.wp.com\/portral.pt\/pt\/wp-content\/uploads\/2018\/06\/portral-receita-sucesso.jpg?resize=272%2C182&amp;ssl=1 272w\" alt=\"\" \t\tclass=\"so-widget-image\"\/>\n<\/div>\n\n<\/div><\/div><\/div><\/div><\/div><div id=\"pg-7-3\"  class=\"panel-grid panel-has-style\" ><div class=\"nbtsow-parallax siteorigin-panels-stretch lazy rocket-lazyload panel-row-style panel-row-style-for-7-3\" data-stretch-type=\"full-width-stretch\" data-bg=\"https:\/\/i0.wp.com\/portral.pt\/pt\/wp-content\/uploads\/2018\/03\/FUNDO-PORTRAL.jpg?fit=1599%2C755&amp;ssl=1\" ><div id=\"pgc-7-3-0\"  class=\"panel-grid-cell\" ><div id=\"panel-7-3-0-0\" class=\"so-panel widget widget_sow-editor panel-first-child\" data-index=\"4\" ><div class=\"animate-69e4da4345083113915901 panels-animation-hide panel-widget-style panel-widget-style-for-7-3-0-0\" data-so-animation=\"{&quot;selector&quot;:&quot;.animate-69e4da4345083113915901&quot;,&quot;animation&quot;:&quot;zoomIn&quot;,&quot;duration&quot;:1,&quot;repeat&quot;:0,&quot;hide&quot;:1,&quot;finalState&quot;:&quot;visible&quot;,&quot;delay&quot;:0,&quot;debounce&quot;:0,&quot;event&quot;:&quot;enter&quot;,&quot;offset&quot;:0}\" ><div class=\"so-widget-sow-editor so-widget-sow-editor-base\">\n<div class=\"siteorigin-widget-tinymce textwidget\">\n\t<h1 style=\"text-align: center;\"><span style=\"color: #333333;\">Rela\u00e7\u00f5es de confian\u00e7a<\/span><\/h1>\n<p style=\"text-align: center;\">No mercado do setor alimentar&nbsp;h\u00e1 mais de 30 anos, \u00e9 com a maior dedica\u00e7\u00e3o e profissionalismo<br \/>que temos vindo a responder e superar os padr\u00f5es e expetativas dos mais exigentes clientes,<br \/>garantindo um servi\u00e7o de qualidade e excel\u00eancia, e promovendo rela\u00e7\u00f5es duradouras e de sucesso m\u00fatuo.<\/p>\n<p>&nbsp;<\/p>\n<\/div>\n<\/div><\/div><\/div><div id=\"panel-7-3-0-1\" class=\"so-panel widget widget_sow-features panel-last-child\" data-index=\"5\" ><div class=\"animate-69e4da43451e4872195318 panels-animation-hide panel-widget-style panel-widget-style-for-7-3-0-1\" data-so-animation=\"{&quot;selector&quot;:&quot;.animate-69e4da43451e4872195318&quot;,&quot;animation&quot;:&quot;bounceInUp&quot;,&quot;duration&quot;:1,&quot;repeat&quot;:0,&quot;hide&quot;:1,&quot;finalState&quot;:&quot;visible&quot;,&quot;delay&quot;:0,&quot;debounce&quot;:0,&quot;event&quot;:&quot;enter&quot;,&quot;offset&quot;:0}\" ><div class=\"so-widget-sow-features so-widget-sow-features-default-6d2308aad217\">\n<div class=\"sow-features-list sow-features-responsive\">\n\n\t\t\t\n\t\t\t<div class=\"sow-features-feature sow-icon-container-position-top sow-features-feature-last-row\" style=\"width: 33.333%\">\n\n\t\t\t\t\t\t\t\t<div\n\t\t\t\t\tclass=\"sow-icon-container sow-container-round\"\n                    style=\"color: #d9f8d9; \"\n\t\t\t\t\t>\n\t\t\t\t\t<div class=\"sow-icon-image\" style=\"background-image: url(https:\/\/i0.wp.com\/portral.pt\/pt\/wp-content\/uploads\/2018\/03\/missao-portral.png?fit=300%2C255&#038;ssl=1); font-size: 24px\"><\/div>\t\t\t\t<\/div>\n\t\t\t\t\n\t\t\t\t<div class=\"textwidget\">\n\t\t\t\t\t\t\t\t\t\t\t<h5>\n\t\t\t\t\t\t\t\t\t\t\t\t\t\tDistribui\u00e7\u00e3o nacional e internacional\t\t\t\t\t\t\t\t\t\t\t\t\t<\/h5>\n\t\t\t\t\t\n\t\t\t\t\t\t\t\t\t\t\tAtrav\u00e9s de uma frota de 35 viaturas de distribui\u00e7\u00e3o pr\u00f3prias, e colabora\u00e7\u00e3o com distribuidoras devidamente selecionadas, levamos os nossos produtos at\u00e9 si onde estiver.<\/p>\n\t\t\t\t\t\n\t\t\t\t\t\t\t\t\t<\/div>\n\t\t\t<\/div>\n\n\t\t\n\t\t\t<div class=\"sow-features-feature sow-icon-container-position-top sow-features-feature-last-row\" style=\"width: 33.333%\">\n\n\t\t\t\t\t\t\t\t<div\n\t\t\t\t\tclass=\"sow-icon-container sow-container-round\"\n                    style=\"color: #d9f8d9; \"\n\t\t\t\t\t>\n\t\t\t\t\t<div class=\"sow-icon-image\" style=\"background-image: url(https:\/\/i0.wp.com\/portral.pt\/pt\/wp-content\/uploads\/2018\/03\/visao-portral.png?fit=300%2C295&#038;ssl=1); font-size: 24px\"><\/div>\t\t\t\t<\/div>\n\t\t\t\t\n\t\t\t\t<div class=\"textwidget\">\n\t\t\t\t\t\t\t\t\t\t\t<h5>\n\t\t\t\t\t\t\t\t\t\t\t\t\t\tSolu\u00e7\u00f5es \u00e0 sua medida\t\t\t\t\t\t\t\t\t\t\t\t\t<\/h5>\n\t\t\t\t\t\n\t\t\t\t\t\t\t\t\t\t\tProduzimos solu\u00e7\u00f5es customizadas, adaptadas \u00e0 procura dos v\u00e1rios clientes. Desafie-nos! Diga-nos o que necessita e apresentaremos uma solu\u00e7\u00e3o especializada para si.<\/p>\n\t\t\t\t\t\n\t\t\t\t\t\t\t\t\t<\/div>\n\t\t\t<\/div>\n\n\t\t\n\t\t\t<div class=\"sow-features-feature sow-icon-container-position-top sow-features-feature-last-row\" style=\"width: 33.333%\">\n\n\t\t\t\t\t\t\t\t<div\n\t\t\t\t\tclass=\"sow-icon-container sow-container-round\"\n                    style=\"color: #d9f8d9; \"\n\t\t\t\t\t>\n\t\t\t\t\t<div class=\"sow-icon-image\" style=\"background-image: url(https:\/\/i0.wp.com\/portral.pt\/pt\/wp-content\/uploads\/2018\/03\/valores-portral.png?fit=300%2C338&#038;ssl=1); font-size: 24px\"><\/div>\t\t\t\t<\/div>\n\t\t\t\t\n\t\t\t\t<div class=\"textwidget\">\n\t\t\t\t\t\t\t\t\t\t\t<h5>\n\t\t\t\t\t\t\t\t\t\t\t\t\t\tElevado Know how\t\t\t\t\t\t\t\t\t\t\t\t\t<\/h5>\n\t\t\t\t\t\n\t\t\t\t\t\t\t\t\t\t\tPorque primamos a qualidade do produto final, contamos com especialistas experientes em cada setor, para que possam selecionar e produzir os produtos com o rigor que a Portral exige transmitir aos seus clientes.<\/p>\n\t\t\t\t\t\n\t\t\t\t\t\t\t\t\t<\/div>\n\t\t\t<\/div>\n\n\t\t\t\n<\/div>\n<\/div><\/div><\/div><\/div><\/div><\/div><div id=\"pg-7-4\"  class=\"panel-grid panel-has-style\" ><div class=\"siteorigin-panels-stretch panel-row-style panel-row-style-for-7-4\" data-stretch-type=\"full-width-stretch\" ><div id=\"pgc-7-4-0\"  class=\"panel-grid-cell panel-grid-cell-mobile-last\" ><div id=\"panel-7-4-0-0\" class=\"so-panel widget widget_sow-editor panel-first-child panel-last-child\" data-index=\"6\" ><div class=\"so-widget-sow-editor so-widget-sow-editor-base\">\n<div class=\"siteorigin-widget-tinymce textwidget\">\n\t<p>&nbsp;<\/p>\n<p>&nbsp;<\/p>\n<p>&nbsp;<\/p>\n<p>&nbsp;<\/p>\n<p>&nbsp;<\/p>\n<p>&nbsp;<\/p>\n<p>&nbsp;<\/p>\n<p>&nbsp;<\/p>\n<p>&nbsp;<\/p>\n<\/div>\n<\/div><\/div><\/div><div id=\"pgc-7-4-1\"  class=\"panel-grid-cell panel-grid-cell-empty\" ><\/div><\/div><\/div>\n\t\t\t<video \n\t\t\t\tid=\"so_bgvideo_69e4da4345b1f\" \n\t\t\t\tclass=\"so_video_bg jquery-background-video\" \n\t\t\t\tloop \n\t\t\t\tautoplay \n\t\t\t\tplaysinline\n\t\t\t\tmuted\n\t\t\t\tdata-bgvideo\n\t\t\t\t\t\t\t\tdata-bgvideo-fade-in=\"500\"\t\t\t\tdata-bgvideo-pause-after=\"120\"\t\t\t\tdata-bgvideo-show-pause-play=false\t\t\t\tdata-bgvideo-pause-play-x-pos=\"right\"\t\t\t\tdata-bgvideo-pause-play-y-pos=\"top\" \n\t\t\t\t>\n\t\t\t\t\t<source src=\"http:\/\/ticasgest.pt\/portral-web\/wp-content\/uploads\/2018\/04\/video-portral-mapa.mp4\" type=\"video\/mp4\">\t\t\t\t\t\t\t\t\t\t\t\t\t<\/video>\n\n\t\t\t\t\t\t\t<div\n\t\t\t\t\tid=\"so_bgvideo_overlay_69e4da4345b1f\"\n\t\t\t\t\tclass=\"so_video_overlay\"\n\t\t\t\t\tstyle=\"\n\t\t\t\t\t\topacity: 0.10;\n\t\t\t\t\t\tbackground-color: #006600;\t\t\t\t\t\t\t\t\t\t\t\"\n\t\t\t\t\t>\n\t\t\t\t<\/div>\n\t\t\t\n\t\t\t<script type=\"text\/javascript\">\n\t\t\t(function() {\n\t\t\t\t\/\/ Move the video and container into the row as the first child\n\t\t\t\tvar video_tag = document.getElementById(\"so_bgvideo_69e4da4345b1f\");\n\t\t\t\tvar video_overlay = document.getElementById(\"so_bgvideo_overlay_69e4da4345b1f\");\n\t\t\t\tvar video_row = video_tag.previousSibling;\n\t\t\t\twhile(video_row && video_row.nodeType != 1) {\n\t\t\t\t\tvideo_row = video_row.previousSibling;\n\t\t\t\t}\n\t\t\t\tvar row_inner = video_row.firstChild;\n\t\t\t\trow_inner.insertBefore( video_tag, row_inner.firstChild );\n\t\t\t\tif( video_overlay ) {\n\t\t\t\t\trow_inner.insertBefore( video_overlay, video_tag.nextSibling);\n\t\t\t\t}\n\t\t\t\trow_inner.className += ' so_video_bg_row jquery-background-video-wrapper';\n\t\t\t\tvideo_tag.play();\n\t\t\t}());\n\t\t\t<\/script>\n\n\t\t\t<div id=\"pg-7-5\"  class=\"panel-grid panel-has-style\" ><div class=\"panel-row-style panel-row-style-for-7-5\" ><div id=\"pgc-7-5-0\"  class=\"panel-grid-cell\" ><div id=\"panel-7-5-0-0\" class=\"so-panel widget widget_sow-icon panel-first-child\" data-index=\"7\" ><div class=\"so-widget-sow-icon so-widget-sow-icon-default-39fb9ac47d3c\">\n<div class=\"sow-icon-container sow-icon\">\n\t\t\t<span class=\"sow-icon-fontawesome sow-fas\" data-sow-icon=\"&#xf085;\"\n\t\t ><\/span>\t<\/div>\n<\/div><\/div><div id=\"panel-7-5-0-1\" class=\"so-panel widget widget_ink-num-count panel-last-child\" data-index=\"8\" ><div class=\"so-widget-ink-num-count so-widget-ink-num-count-number-f877db6b6ada\">\n<div class=\"iw-so-number\">\n\n\t\n\t<p class=\"iw-so-number-count iw-text-center\">\n\t\t\t\t<span class=\"iw-so-number-timer\" data-refresh-interval=\"50\" data-to=\"41\" data-speed=\"1000\" ><\/span>\n\t\t\t<\/p>\n\n\t\t\t<h3 class=\"iw-so-number-title iw-text-center\">Anos de experi\u00eancia<\/h3>\n\t\n<\/div>\n<\/div><\/div><\/div><div id=\"pgc-7-5-1\"  class=\"panel-grid-cell\" ><div id=\"panel-7-5-1-0\" class=\"so-panel widget widget_sow-icon panel-first-child\" data-index=\"9\" ><div class=\"so-widget-sow-icon so-widget-sow-icon-default-39fb9ac47d3c\">\n<div class=\"sow-icon-container sow-icon\">\n\t\t\t<span class=\"sow-icon-fontawesome sow-fas\" data-sow-icon=\"&#xf0c0;\"\n\t\t ><\/span>\t<\/div>\n<\/div><\/div><div id=\"panel-7-5-1-1\" class=\"so-panel widget widget_ink-num-count panel-last-child\" data-index=\"10\" ><div class=\"so-widget-ink-num-count so-widget-ink-num-count-number-f877db6b6ada\">\n<div class=\"iw-so-number\">\n\n\t\n\t<p class=\"iw-so-number-count iw-text-center\">\n\t\t\t\t<span class=\"iw-so-number-timer\" data-refresh-interval=\"50\" data-to=\"230\" data-speed=\"1000\" ><\/span>\n\t\t\t<\/p>\n\n\t\t\t<h3 class=\"iw-so-number-title iw-text-center\">Colaboradores<\/h3>\n\t\n<\/div>\n<\/div><\/div><\/div><div id=\"pgc-7-5-2\"  class=\"panel-grid-cell\" ><div id=\"panel-7-5-2-0\" class=\"so-panel widget widget_sow-icon panel-first-child\" data-index=\"11\" ><div class=\"so-widget-sow-icon so-widget-sow-icon-default-39fb9ac47d3c\">\n<div class=\"sow-icon-container sow-icon\">\n\t\t\t<span class=\"sow-icon-fontawesome sow-fas\" data-sow-icon=\"&#xf0d1;\"\n\t\t ><\/span>\t<\/div>\n<\/div><\/div><div id=\"panel-7-5-2-1\" class=\"so-panel widget widget_ink-num-count panel-last-child\" data-index=\"12\" ><div class=\"so-widget-ink-num-count so-widget-ink-num-count-number-f877db6b6ada\">\n<div class=\"iw-so-number\">\n\n\t\n\t<p class=\"iw-so-number-count iw-text-center\">\n\t\t\t\t<span class=\"iw-so-number-timer\" data-refresh-interval=\"50\" data-to=\"70\" data-speed=\"1000\" ><\/span>\n\t\t\t<\/p>\n\n\t\t\t<h3 class=\"iw-so-number-title iw-text-center\">Viaturas de distribui\u00e7\u00e3o pr\u00f3prias<\/h3>\n\t\n<\/div>\n<\/div><\/div><\/div><div id=\"pgc-7-5-3\"  class=\"panel-grid-cell\" ><div id=\"panel-7-5-3-0\" class=\"so-panel widget widget_sow-icon panel-first-child\" data-index=\"13\" ><div class=\"so-widget-sow-icon so-widget-sow-icon-default-39fb9ac47d3c\">\n<div class=\"sow-icon-container sow-icon\">\n\t\t\t<span class=\"sow-icon-fontawesome sow-fas\" data-sow-icon=\"&#xf21d;\"\n\t\t ><\/span>\t<\/div>\n<\/div><\/div><div id=\"panel-7-5-3-1\" class=\"so-panel widget widget_ink-num-count panel-last-child\" data-index=\"14\" ><div class=\"so-widget-ink-num-count so-widget-ink-num-count-number-f877db6b6ada\">\n<div class=\"iw-so-number\">\n\n\t\n\t<p class=\"iw-so-number-count iw-text-center\">\n\t\t\t\t<span class=\"iw-so-number-timer\" data-refresh-interval=\"50\" data-to=\"15\" data-speed=\"1000\" ><\/span>\n\t\t\t<\/p>\n\n\t\t\t<h3 class=\"iw-so-number-title iw-text-center\">Comerciais distribu\u00eddos pelo pa\u00eds<\/h3>\n\t\n<\/div>\n<\/div><\/div><\/div><\/div><\/div><div id=\"pg-7-6\"  class=\"panel-grid panel-no-style\" ><div id=\"pgc-7-6-0\"  class=\"panel-grid-cell\" ><div id=\"panel-7-6-0-0\" class=\"so-panel widget widget_sow-icon panel-first-child\" data-index=\"15\" ><div class=\"so-widget-sow-icon so-widget-sow-icon-default-39fb9ac47d3c\">\n<div class=\"sow-icon-container sow-icon\">\n\t\t\t<span class=\"sow-icon-fontawesome sow-far\" data-sow-icon=\"&#xf164;\"\n\t\t ><\/span>\t<\/div>\n<\/div><\/div><div id=\"panel-7-6-0-1\" class=\"so-panel widget widget_ink-num-count panel-last-child\" data-index=\"16\" ><div class=\"so-widget-ink-num-count so-widget-ink-num-count-number-f877db6b6ada\">\n<div class=\"iw-so-number\">\n\n\t\n\t<p class=\"iw-so-number-count iw-text-center\">\n\t\t\t\t<span class=\"iw-so-number-timer\" data-refresh-interval=\"50\" data-to=\"5000\" data-speed=\"1000\" ><\/span>\n\t\t\t<\/p>\n\n\t\t\t<h3 class=\"iw-so-number-title iw-text-center\">Clientes satisfeitos<\/h3>\n\t\n<\/div>\n<\/div><\/div><\/div><div id=\"pgc-7-6-1\"  class=\"panel-grid-cell\" ><div id=\"panel-7-6-1-0\" class=\"so-panel widget widget_sow-icon panel-first-child\" data-index=\"17\" ><div class=\"so-widget-sow-icon so-widget-sow-icon-default-39fb9ac47d3c\">\n<div class=\"sow-icon-container sow-icon\">\n\t\t\t<span class=\"sow-icon-fontawesome sow-fas\" data-sow-icon=\"&#xf275;\"\n\t\t ><\/span>\t<\/div>\n<\/div><\/div><div id=\"panel-7-6-1-1\" class=\"so-panel widget widget_ink-num-count panel-last-child\" data-index=\"18\" ><div class=\"so-widget-ink-num-count so-widget-ink-num-count-number-f877db6b6ada\">\n<div class=\"iw-so-number\">\n\n\t\n\t<p class=\"iw-so-number-count iw-text-center\">\n\t\t\t\t<span class=\"iw-so-number-timer\" data-refresh-interval=\"50\" data-to=\"4800\" data-speed=\"1000\" ><\/span>\n\t\t\t<\/p>\n\n\t\t\t<h3 class=\"iw-so-number-title iw-text-center\">\u00c1rea das nossas instala\u00e7\u00f5es (m2)<\/h3>\n\t\n<\/div>\n<\/div><\/div><\/div><div id=\"pgc-7-6-2\"  class=\"panel-grid-cell\" ><div id=\"panel-7-6-2-0\" class=\"so-panel widget widget_sow-icon panel-first-child\" data-index=\"19\" ><div class=\"so-widget-sow-icon so-widget-sow-icon-default-39fb9ac47d3c\">\n<div class=\"sow-icon-container sow-icon\">\n\t\t\t<span class=\"sow-icon-fontawesome sow-fas\" data-sow-icon=\"&#xf012;\"\n\t\t ><\/span>\t<\/div>\n<\/div><\/div><div id=\"panel-7-6-2-1\" class=\"so-panel widget widget_ink-num-count panel-last-child\" data-index=\"20\" ><div class=\"so-widget-ink-num-count so-widget-ink-num-count-number-f877db6b6ada\">\n<div class=\"iw-so-number\">\n\n\t\n\t<p class=\"iw-so-number-count iw-text-center\">\n\t\t\t\t<span class=\"iw-so-number-timer\" data-refresh-interval=\"50\" data-to=\"65\" data-speed=\"1000\" ><\/span>\n\t\t\t<\/p>\n\n\t\t\t<h3 class=\"iw-so-number-title iw-text-center\">Fatura\u00e7\u00e3o anual em milh\u00f5es de euros (2025)<\/h3>\n\t\n<\/div>\n<\/div><\/div><\/div><\/div><div id=\"pg-7-7\"  class=\"panel-grid panel-no-style\" ><div id=\"pgc-7-7-0\"  class=\"panel-grid-cell\" ><div id=\"panel-7-7-0-0\" class=\"so-panel widget widget_sow-image panel-first-child panel-last-child\" data-index=\"21\" ><div class=\"so-widget-sow-image so-widget-sow-image-default-ab294a5857f7\" data-tooltip-enabled=\"1\" data-tooltip-theme=\"light\">\n\n<div class=\"sow-image-container\">\n\t<img loading=\"lazy\" decoding=\"async\" src=\"https:\/\/i0.wp.com\/portral.pt\/pt\/wp-content\/uploads\/2018\/08\/portral-aerea.jpg?fit=1000%2C562&amp;ssl=1\" width=\"1000\" height=\"562\" srcset=\"https:\/\/i0.wp.com\/portral.pt\/pt\/wp-content\/uploads\/2018\/08\/portral-aerea.jpg?w=1000&amp;ssl=1 1000w, https:\/\/i0.wp.com\/portral.pt\/pt\/wp-content\/uploads\/2018\/08\/portral-aerea.jpg?resize=300%2C169&amp;ssl=1 300w, https:\/\/i0.wp.com\/portral.pt\/pt\/wp-content\/uploads\/2018\/08\/portral-aerea.jpg?resize=768%2C432&amp;ssl=1 768w\" alt=\"\" \t\tclass=\"so-widget-image\"\/>\n<\/div>\n\n<\/div><\/div><\/div><\/div><\/div>","protected":false},"excerpt":{"rendered":"<p>O segredo das melhores receitas est\u00e1 nos melhores ingredientes Descubra o mundo \u00c9 com base na premissa de que o nosso sucesso depende do sucesso dos nossos clientes que trabalhamos diariamente para garantir que fornecemos o melhor servi\u00e7o e os melhores produtos, garantindo que tenha os ingredientes necess\u00e1rios para fazer o seu neg\u00f3cio crescer. Rela\u00e7\u00f5es &hellip;<\/p>\n","protected":false},"author":1,"featured_media":0,"parent":0,"menu_order":0,"comment_status":"closed","ping_status":"closed","template":"template-front-page-slider.php","meta":{"footnotes":""},"class_list":{"0":"post-7","1":"page","2":"type-page","3":"status-publish","5":"clearfix","6":"article"},"jetpack_sharing_enabled":true,"yoast_head":"<!-- This site is optimized with the Yoast SEO plugin v14.1 - https:\/\/yoast.com\/wordpress\/plugins\/seo\/ -->\n<title>In\u00edcio - PORTRAL<\/title>\n<meta name=\"robots\" content=\"index, follow\" \/>\n<meta name=\"googlebot\" content=\"index, follow, max-snippet:-1, max-image-preview:large, max-video-preview:-1\" \/>\n<meta name=\"bingbot\" content=\"index, follow, max-snippet:-1, max-image-preview:large, max-video-preview:-1\" \/>\n<link rel=\"canonical\" href=\"https:\/\/portral.pt\/pt\/\" \/>\n<meta property=\"og:locale\" content=\"pt_PT\" \/>\n<meta property=\"og:type\" content=\"article\" \/>\n<meta property=\"og:title\" content=\"In\u00edcio - PORTRAL\" \/>\n<meta property=\"og:description\" content=\"O segredo das melhores receitas est\u00e1 nos melhores ingredientes Descubra o mundo \u00c9 com base na premissa de que o nosso sucesso depende do sucesso dos nossos clientes que trabalhamos diariamente para garantir que fornecemos o melhor servi\u00e7o e os melhores produtos, garantindo que tenha os ingredientes necess\u00e1rios para fazer o seu neg\u00f3cio crescer. Rela\u00e7\u00f5es &hellip;\" \/>\n<meta property=\"og:url\" content=\"https:\/\/portral.pt\/pt\/\" \/>\n<meta property=\"og:site_name\" content=\"PORTRAL\" \/>\n<meta property=\"article:modified_time\" content=\"2026-01-26T14:37:19+00:00\" \/>\n<meta property=\"og:image\" content=\"http:\/\/portral.pt\/pt\/wp-content\/uploads\/2018\/06\/PORTRAL-LOGO-SITE-e1539020702777.png\" \/>\n<meta name=\"twitter:card\" content=\"summary_large_image\" \/>\n<script type=\"application\/ld+json\" class=\"yoast-schema-graph\">{\"@context\":\"https:\/\/schema.org\",\"@graph\":[{\"@type\":\"WebSite\",\"@id\":\"https:\/\/portral.pt\/pt\/#website\",\"url\":\"https:\/\/portral.pt\/pt\/\",\"name\":\"PORTRAL\",\"description\":\"Com\\u00e9rcio e Ind\\u00fastria de Carnes\",\"potentialAction\":[{\"@type\":\"SearchAction\",\"target\":\"https:\/\/portral.pt\/pt\/?s={search_term_string}\",\"query-input\":\"required name=search_term_string\"}],\"inLanguage\":\"pt-PT\"},{\"@type\":\"ImageObject\",\"@id\":\"https:\/\/portral.pt\/pt\/#primaryimage\",\"inLanguage\":\"pt-PT\",\"url\":\"http:\/\/portral.pt\/pt\/wp-content\/uploads\/2018\/06\/PORTRAL-LOGO-SITE-e1539020702777.png\"},{\"@type\":\"WebPage\",\"@id\":\"https:\/\/portral.pt\/pt\/#webpage\",\"url\":\"https:\/\/portral.pt\/pt\/\",\"name\":\"In\\u00edcio - PORTRAL\",\"isPartOf\":{\"@id\":\"https:\/\/portral.pt\/pt\/#website\"},\"primaryImageOfPage\":{\"@id\":\"https:\/\/portral.pt\/pt\/#primaryimage\"},\"datePublished\":\"2018-03-22T16:16:04+00:00\",\"dateModified\":\"2026-01-26T14:37:19+00:00\",\"inLanguage\":\"pt-PT\",\"potentialAction\":[{\"@type\":\"ReadAction\",\"target\":[\"https:\/\/portral.pt\/pt\/\"]}]}]}<\/script>\n<!-- \/ Yoast SEO plugin. -->","_links":{"self":[{"href":"https:\/\/portral.pt\/pt\/wp-json\/wp\/v2\/pages\/7","targetHints":{"allow":["GET"]}}],"collection":[{"href":"https:\/\/portral.pt\/pt\/wp-json\/wp\/v2\/pages"}],"about":[{"href":"https:\/\/portral.pt\/pt\/wp-json\/wp\/v2\/types\/page"}],"author":[{"embeddable":true,"href":"https:\/\/portral.pt\/pt\/wp-json\/wp\/v2\/users\/1"}],"replies":[{"embeddable":true,"href":"https:\/\/portral.pt\/pt\/wp-json\/wp\/v2\/comments?post=7"}],"version-history":[{"count":113,"href":"https:\/\/portral.pt\/pt\/wp-json\/wp\/v2\/pages\/7\/revisions"}],"predecessor-version":[{"id":832,"href":"https:\/\/portral.pt\/pt\/wp-json\/wp\/v2\/pages\/7\/revisions\/832"}],"wp:attachment":[{"href":"https:\/\/portral.pt\/pt\/wp-json\/wp\/v2\/media?parent=7"}],"curies":[{"name":"wp","href":"https:\/\/api.w.org\/{rel}","templated":true}]}}